{"id":5100,"date":"2023-11-18T17:52:44","date_gmt":"2023-11-18T17:52:44","guid":{"rendered":"https:\/\/peetrimoisavilla.ee\/salt-chamber\/"},"modified":"2024-06-14T14:12:32","modified_gmt":"2024-06-14T14:12:32","slug":"salt-chamber","status":"publish","type":"page","link":"https:\/\/peetrimoisavilla.ee\/en\/salt-chamber\/","title":{"rendered":"Salt Chamber"},"content":{"rendered":"<p><div class=\"fusion-fullwidth fullwidth-box fusion-builder-row-1 fusion-flex-container nonhundred-percent-fullwidth non-hundred-percent-height-scrolling\" style=\"--awb-background-position:left top;--awb-border-sizes-top:0px;--awb-border-sizes-bottom:0px;--awb-border-sizes-left:0px;--awb-border-sizes-right:0px;--awb-border-radius-top-left:0px;--awb-border-radius-top-right:0px;--awb-border-radius-bottom-right:0px;--awb-border-radius-bottom-left:0px;--awb-padding-top:0px;--awb-padding-bottom:70px;--awb-padding-bottom-medium:40px;--awb-padding-bottom-small:40px;--awb-flex-wrap:wrap;\" ><div class=\"fusion-builder-row fusion-row fusion-flex-align-items-stretch fusion-flex-content-wrap\" style=\"max-width:1216.8px;margin-left: calc(-4% \/ 2 );margin-right: calc(-4% \/ 2 );\"><div class=\"fusion-layout-column fusion_builder_column fusion-builder-column-0 fusion_builder_column_1_3 1_3 fusion-flex-column\" style=\"--awb-bg-position:right bottom;--awb-bg-blend:overlay;--awb-bg-size:cover;--awb-width-large:33.333333333333%;--awb-margin-top-large:0px;--awb-spacing-right-large:3.84%;--awb-margin-bottom-large:20px;--awb-spacing-left-large:5.76%;--awb-width-medium:100%;--awb-spacing-right-medium:1.28%;--awb-spacing-left-medium:1.92%;--awb-width-small:100%;--awb-spacing-right-small:1.92%;--awb-margin-bottom-small:30p40px;--awb-spacing-left-small:1.92%;\"><div class=\"fusion-column-wrapper fusion-flex-justify-content-flex-start fusion-content-layout-column\"><div class=\"fusion-title title fusion-title-1 fusion-title-text fusion-title-size-two\" style=\"--awb-margin-bottom:0px;--awb-margin-bottom-small:0px;--awb-margin-bottom-medium:0px;--awb-font-size:var(--awb-typography2-font-size);\"><div class=\"title-sep-container title-sep-container-left fusion-no-large-visibility fusion-no-medium-visibility fusion-no-small-visibility\"><div class=\"title-sep sep- sep-solid\" style=\"border-color:var(--awb-color3);\"><\/div><\/div><span class=\"awb-title-spacer fusion-no-large-visibility fusion-no-medium-visibility fusion-no-small-visibility\"><\/span><h2 class=\"fusion-title-heading title-heading-left fusion-responsive-typography-calculated\" style=\"font-family:var(--awb-typography2-font-family);font-weight:var(--awb-typography2-font-weight);font-style:var(--awb-typography2-font-style);margin:0;font-size:1em;letter-spacing:var(--awb-typography2-letter-spacing);text-transform:var(--awb-typography2-text-transform);--fontSize:13;--minFontSize:13;line-height:var(--awb-typography2-line-height);\">SINU TERVISELE<\/h2><span class=\"awb-title-spacer\"><\/span><div class=\"title-sep-container title-sep-container-right\"><div class=\"title-sep sep- sep-solid\" style=\"border-color:var(--awb-color3);\"><\/div><\/div><\/div><div class=\"fusion-title title fusion-title-2 fusion-title-text fusion-title-size-three\" style=\"--awb-margin-bottom-small:15px;--awb-font-size:46px;\"><div class=\"title-sep-container title-sep-container-left fusion-no-large-visibility fusion-no-medium-visibility fusion-no-small-visibility\"><div class=\"title-sep sep- sep-solid\" style=\"border-color:var(--awb-color3);\"><\/div><\/div><span class=\"awb-title-spacer fusion-no-large-visibility fusion-no-medium-visibility fusion-no-small-visibility\"><\/span><h3 class=\"fusion-title-heading title-heading-left fusion-responsive-typography-calculated\" style=\"margin:0;font-size:1em;--fontSize:46;line-height:var(--awb-typography1-line-height);\">Salt Chamber<\/h3><span class=\"awb-title-spacer\"><\/span><div class=\"title-sep-container title-sep-container-right\"><div class=\"title-sep sep- sep-solid\" style=\"border-color:var(--awb-color3);\"><\/div><\/div><\/div><div class=\"fusion-separator\" style=\"align-self: flex-start;margin-right:auto;margin-top:0px;margin-bottom:20px;width:100%;max-width:50px;\"><div class=\"fusion-separator-border sep-single sep-solid\" style=\"--awb-height:20px;--awb-amount:20px;--awb-sep-color:var(--awb-color4);border-color:var(--awb-color4);border-top-width:1px;\"><\/div><\/div><div class=\"fusion-text fusion-text-1\"><p>Soolakamber on soolaga laest p\u00f5randani kaetud ruum, milles pihustatakse \u00f5hku imev\u00e4ikeseid soola osakesi. Soola- ehk haloteraapia peamised toimed on hingamisteede p\u00f5letikun\u00e4htude v\u00e4hendamine, immuunsuss\u00fcsteemi tugevdamine ja organismi rahustamine. Tulge ja ravige ennast lamamistoolil l\u00f5\u00f5gastudes rahuliku muusika ja aroomide saatel. Korduvat kuuri kasutatakse k\u00fclmetushaiguste ennetamiseks.<\/p>\n<\/div><ul style=\"--awb-iconcolor:var(--awb-color4);--awb-textcolor:var(--awb-color2);--awb-line-height:23.8px;--awb-icon-width:23.8px;--awb-icon-height:23.8px;--awb-icon-margin:9.8px;--awb-content-margin:33.6px;\" class=\"fusion-checklist fusion-checklist-1 fusion-checklist-default type-icons\"><li class=\"fusion-li-item\" style=\"\"><span class=\"icon-wrapper circle-no\"><i class=\"fusion-li-icon icon-hotel-check-circle-solid\" aria-hidden=\"true\"><\/i><\/span><div class=\"fusion-li-item-content\">\nAn active salt chamber, where a halogenerator breaks down the salt into small particles circulating in the room.<\/div><\/li><li class=\"fusion-li-item\" style=\"\"><span class=\"icon-wrapper circle-no\"><i class=\"fusion-li-icon icon-hotel-check-circle-solid\" aria-hidden=\"true\"><\/i><\/span><div class=\"fusion-li-item-content\">\nTwo deckchairs<\/div><\/li><li class=\"fusion-li-item\" style=\"\"><span class=\"icon-wrapper circle-no\"><i class=\"fusion-li-icon icon-hotel-check-circle-solid\" aria-hidden=\"true\"><\/i><\/span><div class=\"fusion-li-item-content\">\nAroma diffuser<\/div><\/li><li class=\"fusion-li-item\" style=\"\"><span class=\"icon-wrapper circle-no\"><i class=\"fusion-li-icon icon-hotel-check-circle-solid\" aria-hidden=\"true\"><\/i><\/span><div class=\"fusion-li-item-content\">\nBackground music<\/div><\/li><li class=\"fusion-li-item\" style=\"\"><span class=\"icon-wrapper circle-no\"><i class=\"fusion-li-icon icon-hotel-check-circle-solid\" aria-hidden=\"true\"><\/i><\/span><div class=\"fusion-li-item-content\">\n6 times for a 60 \u20ac<\/div><\/li><\/ul><div class=\"fusion-separator fusion-full-width-sep\" style=\"align-self: center;margin-left: auto;margin-right: auto;margin-top:25px;width:100%;\"><\/div><div ><a class=\"fusion-button button-flat button-large button-default fusion-button-default button-1 fusion-button-default-span \" style=\"--button-border-radius-top-left:0px;--button-border-radius-top-right:0px;--button-border-radius-bottom-right:0px;--button-border-radius-bottom-left:0px;\" target=\"_self\" href=\"#awb-open-oc__2600\"><span class=\"fusion-button-text fusion-button-text-right\">Broneeri<\/span><span class=\"fusion-button-icon-divider button-icon-divider-right\"><i class=\"icon-hotel-angle-right-solid\" aria-hidden=\"true\"><\/i><\/span><\/a><\/div>\n<\/div><\/div><div class=\"fusion-layout-column fusion_builder_column fusion-builder-column-1 fusion_builder_column_2_3 2_3 fusion-flex-column\" style=\"--awb-padding-top:40px;--awb-padding-right:40px;--awb-padding-bottom:40px;--awb-padding-left:40px;--awb-bg-color:var(--awb-color3);--awb-bg-color-hover:var(--awb-color3);--awb-bg-position:right center;--awb-bg-size:cover;--awb-border-color:var(--awb-color2);--awb-border-top:1px;--awb-border-right:1px;--awb-border-bottom:1px;--awb-border-left:1px;--awb-border-style:solid;--awb-width-large:66.666666666667%;--awb-margin-top-large:0px;--awb-spacing-right-large:2.88%;--awb-margin-bottom-large:20px;--awb-spacing-left-large:3.84%;--awb-width-medium:100%;--awb-spacing-right-medium:1.92%;--awb-spacing-left-medium:2.56%;--awb-width-small:100%;--awb-spacing-right-small:1.92%;--awb-spacing-left-small:1.92%;\"><div class=\"fusion-column-wrapper lazyload fusion-flex-justify-content-flex-start fusion-content-layout-column fusion-column-has-bg-image\" data-bg-url=\"https:\/\/peetrimoisavilla.ee\/wp-content\/uploads\/2015\/02\/feat_room_bg1.jpg\" data-bg=\"https:\/\/peetrimoisavilla.ee\/wp-content\/uploads\/2015\/02\/feat_room_bg1.jpg\"><div class=\"fusion-image-element \" style=\"text-align:center;--awb-liftup-border-radius:0px;--awb-caption-title-font-family:var(--h2_typography-font-family);--awb-caption-title-font-weight:var(--h2_typography-font-weight);--awb-caption-title-font-style:var(--h2_typography-font-style);--awb-caption-title-size:var(--h2_typography-font-size);--awb-caption-title-transform:var(--h2_typography-text-transform);--awb-caption-title-line-height:var(--h2_typography-line-height);--awb-caption-title-letter-spacing:var(--h2_typography-letter-spacing);\"><div class=\"awb-image-frame awb-image-frame-1 imageframe-liftup\"><span class=\" fusion-imageframe imageframe-dropshadow imageframe-1\" style=\"border:13px solid var(--awb-color1);-webkit-box-shadow: 3px 3px 7px var(--awb-color3);box-shadow: 3px 3px 7px var(--awb-color3);\"><a class=\"fusion-no-lightbox\" href=\"https:\/\/bit.ly\/3cqIRtC\" target=\"_blank\" aria-label=\"PeetrimoisaVillaSpa 18\" rel=\"noopener noreferrer\"><img decoding=\"async\" width=\"1024\" height=\"683\" src=\"https:\/\/peetrimoisavilla.ee\/wp-content\/uploads\/2024\/06\/PeetrimoisaVillaSpa-18-scaled.jpg\" data-orig-src=\"https:\/\/peetrimoisavilla.ee\/wp-content\/uploads\/2024\/06\/PeetrimoisaVillaSpa-18-1024x683.jpg\" alt class=\"lazyload img-responsive wp-image-6373\" srcset=\"data:image\/svg+xml,%3Csvg%20xmlns%3D%27http%3A%2F%2Fwww.w3.org%2F2000%2Fsvg%27%20width%3D%272560%27%20height%3D%271707%27%20viewBox%3D%270%200%202560%201707%27%3E%3Crect%20width%3D%272560%27%20height%3D%271707%27%20fill-opacity%3D%220%22%2F%3E%3C%2Fsvg%3E\" data-srcset=\"https:\/\/peetrimoisavilla.ee\/wp-content\/uploads\/2024\/06\/PeetrimoisaVillaSpa-18-200x133.jpg 200w, https:\/\/peetrimoisavilla.ee\/wp-content\/uploads\/2024\/06\/PeetrimoisaVillaSpa-18-400x267.jpg 400w, https:\/\/peetrimoisavilla.ee\/wp-content\/uploads\/2024\/06\/PeetrimoisaVillaSpa-18-600x400.jpg 600w, https:\/\/peetrimoisavilla.ee\/wp-content\/uploads\/2024\/06\/PeetrimoisaVillaSpa-18-800x533.jpg 800w, https:\/\/peetrimoisavilla.ee\/wp-content\/uploads\/2024\/06\/PeetrimoisaVillaSpa-18-1200x800.jpg 1200w\" data-sizes=\"auto\" data-orig-sizes=\"(max-width: 1024px) 100vw, (max-width: 640px) 100vw, 800px\" \/><\/a><\/span><\/div><\/div><\/div><\/div><\/div><\/div><div class=\"fusion-bg-parallax\" data-bg-align=\"center center\" data-direction=\"up\" data-mute=\"false\" data-opacity=\"100\" data-velocity=\"-0.3\" data-mobile-enabled=\"false\" data-break_parents=\"0\" data-bg-image=\"https:\/\/peetrimoisavilla.ee\/wp-content\/uploads\/2023\/11\/soolanuklud.jpg\" data-bg-repeat=\"false\" ><\/div><div class=\"fusion-fullwidth fullwidth-box fusion-builder-row-2 fusion-flex-container has-pattern-background has-mask-background faded-background fusion-parallax-up nonhundred-percent-fullwidth non-hundred-percent-height-scrolling lazyload\" style=\"--awb-border-radius-top-left:0px;--awb-border-radius-top-right:0px;--awb-border-radius-bottom-right:0px;--awb-border-radius-bottom-left:0px;--awb-background-size:cover;--awb-flex-wrap:wrap;--awb-filter:saturate(0%);--awb-filter-transition:filter 0.3s ease;--awb-filter-hover:saturate(100%);\" data-bg=\"https:\/\/peetrimoisavilla.ee\/wp-content\/uploads\/2023\/11\/soolanuklud.jpg\" ><div class=\"fullwidth-faded lazyload\" style=\"--awb-background-size:cover;\" data-bg=\"https:\/\/peetrimoisavilla.ee\/wp-content\/uploads\/2023\/11\/soolanuklud.jpg\" ><\/div><div class=\"fusion-builder-row fusion-row fusion-flex-align-items-flex-start fusion-flex-justify-content-center fusion-flex-content-wrap\" style=\"max-width:1216.8px;margin-left: calc(-4% \/ 2 );margin-right: calc(-4% \/ 2 );\"><div class=\"fusion-layout-column fusion_builder_column fusion-builder-column-2 fusion_builder_column_5_6 5_6 fusion-flex-column\" style=\"--awb-padding-top:30px;--awb-padding-right:30px;--awb-padding-bottom:30px;--awb-padding-left:30px;--awb-bg-color:var(--awb-color5);--awb-bg-color-hover:var(--awb-color5);--awb-bg-size:cover;--awb-width-large:83.333333333333%;--awb-margin-top-large:30px;--awb-spacing-right-large:2.304%;--awb-margin-bottom-large:30px;--awb-spacing-left-large:2.304%;--awb-width-medium:100%;--awb-order-medium:0;--awb-spacing-right-medium:1.92%;--awb-spacing-left-medium:1.92%;--awb-width-small:100%;--awb-order-small:0;--awb-spacing-right-small:1.92%;--awb-spacing-left-small:1.92%;\"><div class=\"fusion-column-wrapper fusion-column-has-shadow fusion-flex-justify-content-center fusion-content-layout-row\"><div class=\"fusion-text fusion-text-2\" style=\"--awb-margin-right:20px;--awb-margin-left:20px;\"><p>Salt therapy is known since the 12th century. century when salt-rich caves were visited to reduce respiratory problems. In the 19th century, it was discovered in Poland that people working in salt mines did not contract lung diseases. This can be called a passive halo- or salttherapy. The modern use of salt chambers started to become more widespread in the 20th century. The active therapy room is equipped with a halogenerator that grinds coarse salt and sprays it into the chamber. The walls, ceiling and floor of the room are usually covered with salt.<\/p>\n<ul>\n<li>When to visit a salt chamber:<br \/>\nstress<\/li>\n<li>weak immunity, i.e. you have frequent viral infections.<br \/>\nrunny nose, cough<\/li>\n<li>asthma<\/li>\n<li>chronic inflammations<\/li>\n<li>acute or chronic bronchitis<\/li>\n<li>caused by allergens<\/li>\n<li>skin problems<\/li>\n<li>allergic rhinitis<\/li>\n<li>skin eczema, atopic<\/li>\n<li>dermatitis<\/li>\n<li>psoriasis<\/li>\n<li>nervous system instability, anxiety disorders<\/li>\n<li>sleepless<\/li>\n<\/ul>\n<p>A salt chamber is not recommended:<\/p>\n<ul>\n<li>ongoing infections with fever.<\/li>\n<li>people with a history of malignant tumours<\/li>\n<li>if you have a history of pulmonary tuberculosis<\/li>\n<\/ul>\n<\/div><\/div><\/div><\/div><\/div><\/p>\n","protected":false},"excerpt":{"rendered":"","protected":false},"author":1,"featured_media":0,"parent":0,"menu_order":0,"comment_status":"closed","ping_status":"closed","template":"","meta":{"footnotes":""},"class_list":["post-5100","page","type-page","status-publish","hentry"],"yoast_head":"<!-- This site is optimized with the Yoast SEO plugin v27.3 - https:\/\/yoast.com\/product\/yoast-seo-wordpress\/ -->\n<title>Salt Chamber - Peetrim&otilde;isa Villa Spa Hotell<\/title>\n<meta name=\"robots\" content=\"index, follow, max-snippet:-1, max-image-preview:large, max-video-preview:-1\" \/>\n<link rel=\"canonical\" href=\"https:\/\/peetrimoisavilla.ee\/en\/salt-chamber\/\" \/>\n<meta property=\"og:locale\" content=\"en_US\" \/>\n<meta property=\"og:type\" content=\"article\" \/>\n<meta property=\"og:title\" content=\"Salt Chamber - Peetrim&otilde;isa Villa Spa Hotell\" \/>\n<meta property=\"og:url\" content=\"https:\/\/peetrimoisavilla.ee\/en\/salt-chamber\/\" \/>\n<meta property=\"og:site_name\" content=\"Peetrim&otilde;isa Villa Spa Hotell\" \/>\n<meta property=\"article:publisher\" content=\"https:\/\/www.facebook.com\/peetrimoisavilla\" \/>\n<meta property=\"article:modified_time\" content=\"2024-06-14T14:12:32+00:00\" \/>\n<meta name=\"twitter:card\" content=\"summary_large_image\" \/>\n<meta name=\"twitter:label1\" content=\"Est. reading time\" \/>\n\t<meta name=\"twitter:data1\" content=\"7 minutes\" \/>\n<script type=\"application\/ld+json\" class=\"yoast-schema-graph\">{\"@context\":\"https:\\\/\\\/schema.org\",\"@graph\":[{\"@type\":\"WebPage\",\"@id\":\"https:\\\/\\\/peetrimoisavilla.ee\\\/en\\\/salt-chamber\\\/\",\"url\":\"https:\\\/\\\/peetrimoisavilla.ee\\\/en\\\/salt-chamber\\\/\",\"name\":\"Salt Chamber - Peetrim&otilde;isa Villa Spa Hotell\",\"isPartOf\":{\"@id\":\"https:\\\/\\\/peetrimoisavilla.ee\\\/en\\\/#website\"},\"datePublished\":\"2023-11-18T17:52:44+00:00\",\"dateModified\":\"2024-06-14T14:12:32+00:00\",\"breadcrumb\":{\"@id\":\"https:\\\/\\\/peetrimoisavilla.ee\\\/en\\\/salt-chamber\\\/#breadcrumb\"},\"inLanguage\":\"en-US\",\"potentialAction\":[{\"@type\":\"ReadAction\",\"target\":[\"https:\\\/\\\/peetrimoisavilla.ee\\\/en\\\/salt-chamber\\\/\"]}]},{\"@type\":\"BreadcrumbList\",\"@id\":\"https:\\\/\\\/peetrimoisavilla.ee\\\/en\\\/salt-chamber\\\/#breadcrumb\",\"itemListElement\":[{\"@type\":\"ListItem\",\"position\":1,\"name\":\"Home\",\"item\":\"https:\\\/\\\/peetrimoisavilla.ee\\\/en\\\/hotel-list\\\/\"},{\"@type\":\"ListItem\",\"position\":2,\"name\":\"Salt Chamber\"}]},{\"@type\":\"WebSite\",\"@id\":\"https:\\\/\\\/peetrimoisavilla.ee\\\/en\\\/#website\",\"url\":\"https:\\\/\\\/peetrimoisavilla.ee\\\/en\\\/\",\"name\":\"SPA Hotell Peetrim\u00f5isa Villa\",\"description\":\"\",\"publisher\":{\"@id\":\"https:\\\/\\\/peetrimoisavilla.ee\\\/en\\\/#organization\"},\"potentialAction\":[{\"@type\":\"SearchAction\",\"target\":{\"@type\":\"EntryPoint\",\"urlTemplate\":\"https:\\\/\\\/peetrimoisavilla.ee\\\/en\\\/?s={search_term_string}\"},\"query-input\":{\"@type\":\"PropertyValueSpecification\",\"valueRequired\":true,\"valueName\":\"search_term_string\"}}],\"inLanguage\":\"en-US\"},{\"@type\":\"Organization\",\"@id\":\"https:\\\/\\\/peetrimoisavilla.ee\\\/en\\\/#organization\",\"name\":\"SPA Hotell Peetrim\u00f5isa Villa\",\"url\":\"https:\\\/\\\/peetrimoisavilla.ee\\\/en\\\/\",\"logo\":{\"@type\":\"ImageObject\",\"inLanguage\":\"en-US\",\"@id\":\"https:\\\/\\\/peetrimoisavilla.ee\\\/en\\\/#\\\/schema\\\/logo\\\/image\\\/\",\"url\":\"https:\\\/\\\/peetrimoisavilla.ee\\\/wp-content\\\/uploads\\\/2023\\\/11\\\/villa_logo_2023-1.png\",\"contentUrl\":\"https:\\\/\\\/peetrimoisavilla.ee\\\/wp-content\\\/uploads\\\/2023\\\/11\\\/villa_logo_2023-1.png\",\"width\":250,\"height\":274,\"caption\":\"SPA Hotell Peetrim\u00f5isa Villa\"},\"image\":{\"@id\":\"https:\\\/\\\/peetrimoisavilla.ee\\\/en\\\/#\\\/schema\\\/logo\\\/image\\\/\"},\"sameAs\":[\"https:\\\/\\\/www.facebook.com\\\/peetrimoisavilla\"]}]}<\/script>\n<!-- \/ Yoast SEO plugin. -->","yoast_head_json":{"title":"Salt Chamber - Peetrim&otilde;isa Villa Spa Hotell","robots":{"index":"index","follow":"follow","max-snippet":"max-snippet:-1","max-image-preview":"max-image-preview:large","max-video-preview":"max-video-preview:-1"},"canonical":"https:\/\/peetrimoisavilla.ee\/en\/salt-chamber\/","og_locale":"en_US","og_type":"article","og_title":"Salt Chamber - Peetrim&otilde;isa Villa Spa Hotell","og_url":"https:\/\/peetrimoisavilla.ee\/en\/salt-chamber\/","og_site_name":"Peetrim&otilde;isa Villa Spa Hotell","article_publisher":"https:\/\/www.facebook.com\/peetrimoisavilla","article_modified_time":"2024-06-14T14:12:32+00:00","twitter_card":"summary_large_image","twitter_misc":{"Est. reading time":"7 minutes"},"schema":{"@context":"https:\/\/schema.org","@graph":[{"@type":"WebPage","@id":"https:\/\/peetrimoisavilla.ee\/en\/salt-chamber\/","url":"https:\/\/peetrimoisavilla.ee\/en\/salt-chamber\/","name":"Salt Chamber - Peetrim&otilde;isa Villa Spa Hotell","isPartOf":{"@id":"https:\/\/peetrimoisavilla.ee\/en\/#website"},"datePublished":"2023-11-18T17:52:44+00:00","dateModified":"2024-06-14T14:12:32+00:00","breadcrumb":{"@id":"https:\/\/peetrimoisavilla.ee\/en\/salt-chamber\/#breadcrumb"},"inLanguage":"en-US","potentialAction":[{"@type":"ReadAction","target":["https:\/\/peetrimoisavilla.ee\/en\/salt-chamber\/"]}]},{"@type":"BreadcrumbList","@id":"https:\/\/peetrimoisavilla.ee\/en\/salt-chamber\/#breadcrumb","itemListElement":[{"@type":"ListItem","position":1,"name":"Home","item":"https:\/\/peetrimoisavilla.ee\/en\/hotel-list\/"},{"@type":"ListItem","position":2,"name":"Salt Chamber"}]},{"@type":"WebSite","@id":"https:\/\/peetrimoisavilla.ee\/en\/#website","url":"https:\/\/peetrimoisavilla.ee\/en\/","name":"SPA Hotell Peetrim\u00f5isa Villa","description":"","publisher":{"@id":"https:\/\/peetrimoisavilla.ee\/en\/#organization"},"potentialAction":[{"@type":"SearchAction","target":{"@type":"EntryPoint","urlTemplate":"https:\/\/peetrimoisavilla.ee\/en\/?s={search_term_string}"},"query-input":{"@type":"PropertyValueSpecification","valueRequired":true,"valueName":"search_term_string"}}],"inLanguage":"en-US"},{"@type":"Organization","@id":"https:\/\/peetrimoisavilla.ee\/en\/#organization","name":"SPA Hotell Peetrim\u00f5isa Villa","url":"https:\/\/peetrimoisavilla.ee\/en\/","logo":{"@type":"ImageObject","inLanguage":"en-US","@id":"https:\/\/peetrimoisavilla.ee\/en\/#\/schema\/logo\/image\/","url":"https:\/\/peetrimoisavilla.ee\/wp-content\/uploads\/2023\/11\/villa_logo_2023-1.png","contentUrl":"https:\/\/peetrimoisavilla.ee\/wp-content\/uploads\/2023\/11\/villa_logo_2023-1.png","width":250,"height":274,"caption":"SPA Hotell Peetrim\u00f5isa Villa"},"image":{"@id":"https:\/\/peetrimoisavilla.ee\/en\/#\/schema\/logo\/image\/"},"sameAs":["https:\/\/www.facebook.com\/peetrimoisavilla"]}]}},"_links":{"self":[{"href":"https:\/\/peetrimoisavilla.ee\/en\/wp-json\/wp\/v2\/pages\/5100","targetHints":{"allow":["GET"]}}],"collection":[{"href":"https:\/\/peetrimoisavilla.ee\/en\/wp-json\/wp\/v2\/pages"}],"about":[{"href":"https:\/\/peetrimoisavilla.ee\/en\/wp-json\/wp\/v2\/types\/page"}],"author":[{"embeddable":true,"href":"https:\/\/peetrimoisavilla.ee\/en\/wp-json\/wp\/v2\/users\/1"}],"replies":[{"embeddable":true,"href":"https:\/\/peetrimoisavilla.ee\/en\/wp-json\/wp\/v2\/comments?post=5100"}],"version-history":[{"count":29,"href":"https:\/\/peetrimoisavilla.ee\/en\/wp-json\/wp\/v2\/pages\/5100\/revisions"}],"predecessor-version":[{"id":6453,"href":"https:\/\/peetrimoisavilla.ee\/en\/wp-json\/wp\/v2\/pages\/5100\/revisions\/6453"}],"wp:attachment":[{"href":"https:\/\/peetrimoisavilla.ee\/en\/wp-json\/wp\/v2\/media?parent=5100"}],"curies":[{"name":"wp","href":"https:\/\/api.w.org\/{rel}","templated":true}]}}